{"id":2316,"date":"2022-10-20T16:13:18","date_gmt":"2022-10-20T14:13:18","guid":{"rendered":"https:\/\/bezirk34.de\/?page_id=2316"},"modified":"2023-06-19T09:10:07","modified_gmt":"2023-06-19T07:10:07","slug":"bm2023","status":"publish","type":"page","link":"https:\/\/bezirk34.de\/?page_id=2316","title":{"rendered":"BM 2023"},"content":{"rendered":"\n<div class=\"wp-block-group alignwide\"><div class=\"wp-block-group__inner-container is-layout-flow wp-block-group-is-layout-flow\">\n<pre class=\"wp-block-code\"><code><table class=\"wp-block-table\"><tbody><tr>\n<td><a href=\"https:\/\/bezirk34.de\/wp-content\/uploads\/2023\/05\/Bezirk-34_Bogen-Ausschreibung-BM-Bogen-im-Freien-2023.pdf\" target=\"_blank\" rel=\"noreferrer noopener\">Ausschreibung Bogen WA<\/a><\/td>\n<td><a rel=\"noreferrer noopener\" href=\"https:\/\/bezirk34.de\/wp-content\/uploads\/2022\/02\/Sicherheitsblatt-fuer-alle-Wettbewerbe.pdf\" target=\"_blank\">Sicherheitsblatt<\/a><\/td>\n\n<\/tr>\n<tr>\n<td>Ausschreibung Bogen 3D<\/td>\n\n\n<\/tr>\n<tr>\n<td><a rel=\"noreferrer noopener\" href=\"https:\/\/bezirk34.de\/wp-content\/uploads\/2023\/04\/Bezirk-34_Bogen-Ausschreibung-BM-Feldbogen-2023.pdf\" target=\"_blank\">Ausschreibung Feldbogen<\/a><\/td>\n\n\n<\/tr>\n<tr>\n<td><a rel=\"noreferrer noopener\" href=\"http:\/\/Ausschreibung Bogen Halle\" target=\"_blank\">Ausschreibung Bogen Halle<\/a><\/td>\n<td><a rel=\"noreferrer noopener\" href=\"https:\/\/bezirk34.de\/wp-content\/uploads\/2023\/02\/Termine-Bezirksmeisterschaft-2023-Bezirk-34_Update-20230227.pdf\" target=\"_blank\">BM Termine<\/a><\/td>\n\n<\/tr>\n<tr>\n<td><a rel=\"noreferrer noopener\" href=\"https:\/\/bezirk34.de\/wp-content\/uploads\/2022\/12\/ergaenzende-Ausschreibung-Bezirksmeisterschaften-2023-Bezirk-34.pdf\" target=\"_blank\">Ausschreibung Gewehr \/ Pistole<\/a><\/td>\n<td><a rel=\"noreferrer noopener\" href=\"https:\/\/bezirk34.de\/wp-content\/uploads\/2023\/03\/Medaillenspiegel-05.03.2023.pdf\" data-type=\"URL\" data-id=\"https:\/\/bezirk34.de\/wp-content\/uploads\/2023\/03\/Medaillenspiegel-05.03.2023.pdf\" target=\"_blank\">Medaillenspiegel<\/a><\/td>\n\n\n<td> <\/td>\n<td><a rel=\"noreferrer noopener\" href=\"https:\/\/www.hessischer-schuetzenverband.de\/fileadmin\/hsv\/Sport\/HSV-Ausschreibungsheft-Sportjahr-2023_01.pdf\" target=\"_blank\">Ausschreibung HSV<\/a><\/td>  \n\n<\/tr>\n<tr>\n<td><a rel=\"noreferrer noopener\" href=\"https:\/\/bezirk34.de\/wp-content\/uploads\/2022\/12\/Regelungen-fuer-das-Vorschiessen.pdf\" target=\"_blank\">Regelung zum Vorschie\u00dfen<\/a><\/td>\n\n\n<\/tr>\n<\/tbody>\n<\/table><\/code><\/pre>\n\n\n\n<p>Zusatzinfo:<\/p>\n\n\n\n<p>Die Disziplinen 7.71 Perkussionsflinte und 7.72 Steinschlossflinte finden nicht am 25.03.2023 in J\u00fcgesheim statt. Sollten Teilnehmer hierf\u00fcr gemeldet werden, muss mit dem Referenten Edgar Liebig der Termin gekl\u00e4rt werden.<\/p>\n\n\n\n<p>Die Disziplin 7.21 Perkussionsdienstgewehr 50m ist nicht in der Ausschreibung enthalten. Diese wird dennoch am 25.03.2023 in J\u00fcgesheim angeboten.<\/p>\n<\/div><\/div>\n\n\n\n<div class=\"wp-block-columns alignwide is-layout-flex wp-container-core-columns-is-layout-9d6595d7 wp-block-columns-is-layout-flex\">\n<div class=\"wp-block-column is-layout-flow wp-block-column-is-layout-flow\" style=\"flex-basis:100%\">\n<pre class=\"wp-block-code\"><code><figure class=\"wp-block-table aligncenter\">    \t\t\n <table>\n        <tbody>\n            <tr>\n                <td><strong>Gewehr<\/strong><\/td>\n                <td><strong>Pistole<\/strong><\/td>\n                <td><strong>Vorderlader<\/strong><\/td>\n            <\/tr>\n            <tr>\n                <td><a rel=\"noreferrer noopener\" href=\"https:\/\/bezirk34.de\/wp-content\/uploads\/2023\/03\/1.10.pdf\" data-type=\"URL\" data-id=\"https:\/\/bezirk34.de\/wp-content\/uploads\/2023\/03\/1.10.pdf\" target=\"_blank\">1.10 Luftgewehr<\/a><\/td>\n                <td><a rel=\"noreferrer noopener\" href=\"https:\/\/bezirk34.de\/wp-content\/uploads\/2023\/03\/2.10.pdf\" data-type=\"URL\" data-id=\"https:\/\/bezirk34.de\/wp-content\/uploads\/2023\/03\/2.10.pdf\" target=\"_blank\">2.10 Luftpistole<\/a><\/td>\n                <td><a rel=\"noreferrer noopener\" href=\"https:\/\/bezirk34.de\/wp-content\/uploads\/2023\/03\/7.10.pdf\" data-type=\"URL\" data-id=\"https:\/\/bezirk34.de\/wp-content\/uploads\/2023\/03\/7.10.pdf\" target=\"_blank\">7.10 Perkussionsgewehr<\/a><\/td>\n            <\/tr>\n            <tr>\n                <td><a rel=\"noreferrer noopener\" href=\"https:\/\/bezirk34.de\/wp-content\/uploads\/2023\/03\/1.11.pdf\" data-type=\"URL\" data-id=\"https:\/\/bezirk34.de\/wp-content\/uploads\/2023\/03\/1.11.pdf\" target=\"_blank\">1.11 Luftgewehr Auflage<\/a><\/td>\n                <td><a rel=\"noreferrer noopener\" href=\"https:\/\/bezirk34.de\/wp-content\/uploads\/2023\/03\/2.11.pdf\" data-type=\"URL\" data-id=\"https:\/\/bezirk34.de\/wp-content\/uploads\/2023\/03\/2.11.pdf\" target=\"_blank\">2.11 Luftpistole Auflage<\/a><\/td>\n                <td><a rel=\"noreferrer noopener\" href=\"https:\/\/bezirk34.de\/wp-content\/uploads\/2023\/03\/7.15.pdf\" data-type=\"URL\" data-id=\"https:\/\/bezirk34.de\/wp-content\/uploads\/2023\/03\/7.15.pdf\" target=\"_blank\">7.15 Perkussionsfreigewehr<\/a><\/td>\n            <\/tr>\n            <tr>\n                <td>1.12 Luftgewehr Mixed Team<\/td>\n                <td><a rel=\"noreferrer noopener\" href=\"https:\/\/bezirk34.de\/wp-content\/uploads\/2023\/05\/2.TM10.pdf\" data-type=\"URL\" data-id=\"https:\/\/bezirk34.de\/wp-content\/uploads\/2023\/05\/2.TM10.pdf\" target=\"_blank\">2.12 Luftpistole Mixed Team<\/a><\/td>\n                <td><a rel=\"noreferrer noopener\" href=\"https:\/\/bezirk34.de\/wp-content\/uploads\/2023\/03\/7.20.pdf\" data-type=\"URL\" data-id=\"https:\/\/bezirk34.de\/wp-content\/uploads\/2023\/03\/7.20.pdf\" target=\"_blank\">7.20 Perkussionsdienstgewehr<\/a><\/td>\n            <\/tr>\n            <tr>\n                <td><a rel=\"noreferrer noopener\" href=\"https:\/\/bezirk34.de\/wp-content\/uploads\/2023\/05\/1.20.pdf\" data-type=\"URL\" data-id=\"https:\/\/bezirk34.de\/wp-content\/uploads\/2023\/05\/1.20.pdf\" target=\"_blank\">1.20 Luftgewehr 3-Stellung<\/a><\/td>\n                <td>2.17 Luftpistole Mehrkampf<\/td>\n                <td><a rel=\"noreferrer noopener\" href=\"https:\/\/bezirk34.de\/wp-content\/uploads\/2023\/04\/7.21.pdf\" data-type=\"URL\" data-id=\"https:\/\/bezirk34.de\/wp-content\/uploads\/2023\/04\/7.21.pdf\" target=\"_blank\">7.21 Perkussionsdienstgewehr 50m<\/a><\/td>\n            <\/tr>\n            <tr>\n                <td><a rel=\"noreferrer noopener\" href=\"https:\/\/bezirk34.de\/wp-content\/uploads\/2023\/03\/1.30.pdf\" data-type=\"URL\" data-id=\"https:\/\/bezirk34.de\/wp-content\/uploads\/2023\/03\/1.30.pdf\" target=\"_blank\">1.30 Zimmerstutzen<\/a><\/td>\n                <td>2.18 Luftpistole Standard<\/td>\n                <td><a rel=\"noreferrer noopener\" href=\"https:\/\/bezirk34.de\/wp-content\/uploads\/2023\/04\/7.30.pdf\" data-type=\"URL\" data-id=\"https:\/\/bezirk34.de\/wp-content\/uploads\/2023\/04\/7.30.pdf\" target=\"_blank\">7.30 Steinschlossgewehr 50m<\/a><\/td>\n            <\/tr>\n            <tr>\n                <td><a rel=\"noreferrer noopener\" href=\"https:\/\/bezirk34.de\/wp-content\/uploads\/2023\/05\/1.35.pdf\" data-type=\"URL\" data-id=\"https:\/\/bezirk34.de\/wp-content\/uploads\/2023\/05\/1.35.pdf\" target=\"_blank\">1.35 KK 100m<\/a><\/td>\n                <td><a rel=\"noreferrer noopener\" href=\"https:\/\/bezirk34.de\/wp-content\/uploads\/2023\/05\/2.20.pdf\" data-type=\"URL\" data-id=\"https:\/\/bezirk34.de\/wp-content\/uploads\/2023\/05\/2.20.pdf\" target=\"_blank\">2.20 Freie Pistole<\/a><\/td>\n                <td>7.31 Steinschlossgewehr 100m<\/td>\n            <\/tr>\n            <tr>\n                <td><a rel=\"noreferrer noopener\" href=\"https:\/\/bezirk34.de\/wp-content\/uploads\/2023\/05\/1.36.pdf\" data-type=\"URL\" data-id=\"https:\/\/bezirk34.de\/wp-content\/uploads\/2023\/05\/1.36.pdf\" target=\"_blank\">1.36 KK Gewehr 100m Auflage<\/a><\/td>\n                <td><a rel=\"noreferrer noopener\" href=\"https:\/\/bezirk34.de\/wp-content\/uploads\/2023\/03\/2.21.pdf\" data-type=\"URL\" data-id=\"https:\/\/bezirk34.de\/wp-content\/uploads\/2023\/03\/2.21.pdf\" target=\"_blank\">2.21 Freie Pistole Auflage<\/a><\/td>\n                <td>7.35 Muskete<\/td>\n            <\/tr>\n            <tr>\n                <td><a rel=\"noreferrer noopener\" href=\"https:\/\/bezirk34.de\/wp-content\/uploads\/2023\/05\/1.40.pdf\" data-type=\"URL\" data-id=\"https:\/\/bezirk34.de\/wp-content\/uploads\/2023\/05\/1.40.pdf\" target=\"_blank\">1.40 KK-Sportgewehr<\/a><\/td>\n                <td><a rel=\"noreferrer noopener\" href=\"https:\/\/bezirk34.de\/wp-content\/uploads\/2023\/03\/2.30.pdf\" data-type=\"URL\" data-id=\"https:\/\/bezirk34.de\/wp-content\/uploads\/2023\/03\/2.30.pdf\" target=\"_blank\">2.30 Schnellfeuerpistole<\/a><\/td>\n\t        <td><a rel=\"noreferrer noopener\" href=\"https:\/\/bezirk34.de\/wp-content\/uploads\/2023\/04\/7.40.pdf\" data-type=\"URL\" data-id=\"https:\/\/bezirk34.de\/wp-content\/uploads\/2023\/04\/7.40.pdf\" target=\"_blank\">7.40 Perkussionsrevolver<\/a><\/td>\t\t\t\n            <\/tr>\n            <tr>\n                <td><a rel=\"noreferrer noopener\" href=\"https:\/\/bezirk34.de\/wp-content\/uploads\/2023\/04\/1.41.pdf\" data-type=\"URL\" data-id=\"https:\/\/bezirk34.de\/wp-content\/uploads\/2023\/04\/1.41.pdf\" target=\"_blank\">1.41 KK-Sportgewehr Auflage<\/a><\/td>\n                <td><a rel=\"noreferrer noopener\" href=\"https:\/\/bezirk34.de\/wp-content\/uploads\/2023\/03\/2.40.pdf\" data-type=\"URL\" data-id=\"https:\/\/bezirk34.de\/wp-content\/uploads\/2023\/03\/2.40.pdf\" target=\"_blank\">2.40 KK-Sportpistole<\/a><\/td>\n\t\t<td>7.45 Revolver Drehscheibe<\/td>\t\t\n            <\/tr>\n            <tr>\n                <td><a rel=\"noreferrer noopener\" href=\"https:\/\/bezirk34.de\/wp-content\/uploads\/2023\/03\/1.42.pdf\" data-type=\"URL\" data-id=\"https:\/\/bezirk34.de\/wp-content\/uploads\/2023\/03\/1.42.pdf\" target=\"_blank\">1.42 KK 50m<\/a><\/td>\n                <td><a rel=\"noreferrer noopener\" href=\"https:\/\/bezirk34.de\/wp-content\/uploads\/2023\/03\/2.42.pdf\" data-type=\"URL\" data-id=\"https:\/\/bezirk34.de\/wp-content\/uploads\/2023\/03\/2.42.pdf\" target=\"_blank\">2.42 KK-Sportpistole Auflage<\/a><\/td>\n\t\t<td><a rel=\"noreferrer noopener\" href=\"https:\/\/bezirk34.de\/wp-content\/uploads\/2023\/04\/7.50.pdf\" data-type=\"URL\" data-id=\"https:\/\/bezirk34.de\/wp-content\/uploads\/2023\/04\/7.50.pdf\" target=\"_blank\">7.50 Perkussionspistole<\/a><\/td>\t\t\n            <\/tr>\n            <tr>\n                <td><a rel=\"noreferrer noopener\" href=\"https:\/\/bezirk34.de\/wp-content\/uploads\/2023\/04\/1.56.pdf\" data-type=\"URL\" data-id=\"https:\/\/bezirk34.de\/wp-content\/uploads\/2023\/04\/1.56.pdf\" target=\"_blank\">1.56 KK Unterhebelrepetierer<\/a><\/td>\n                <td><a rel=\"noreferrer noopener\" href=\"https:\/\/bezirk34.de\/wp-content\/uploads\/2023\/03\/2.45.pdf\" data-type=\"URL\" data-id=\"https:\/\/bezirk34.de\/wp-content\/uploads\/2023\/03\/2.45.pdf\" target=\"_blank\">2.45 Zentralfeuerpistole<\/a><\/td>\n\t\t<td><a rel=\"noreferrer noopener\" href=\"https:\/\/bezirk34.de\/wp-content\/uploads\/2023\/04\/7.60.pdf\" data-type=\"URL\" data-id=\"https:\/\/bezirk34.de\/wp-content\/uploads\/2023\/04\/7.60.pdf\" target=\"_blank\">7.60 Steinschlosspistole<\/a><\/td>\t\t\n            <\/tr>\n            <tr>\n                <td><a rel=\"noreferrer noopener\" href=\"https:\/\/bezirk34.de\/wp-content\/uploads\/2023\/04\/1.57.pdf\" data-type=\"URL\" data-id=\"https:\/\/bezirk34.de\/wp-content\/uploads\/2023\/04\/1.57.pdf\" target=\"_blank\">1.57 GK Unterhebelrepetierer<\/a><\/td>\n                <td><a rel=\"noreferrer noopener\" href=\"https:\/\/bezirk34.de\/wp-content\/uploads\/2023\/03\/2.53.pdf\" data-type=\"URL\" data-id=\"https:\/\/bezirk34.de\/wp-content\/uploads\/2023\/03\/2.53.pdf\" target=\"_blank\">2.53 Pistole 9mm<\/a><\/td>\n\t\t<td>7.21 Perkussionsflinte<\/td>\t\t\n            <\/tr>\n            <tr>\n                <td><a rel=\"noreferrer noopener\" href=\"https:\/\/bezirk34.de\/wp-content\/uploads\/2023\/05\/1.58.pdf\" data-type=\"URL\" data-id=\"https:\/\/bezirk34.de\/wp-content\/uploads\/2023\/05\/1.58.pdf\" target=\"_blank\">1.58 Ordonnanzgewehr<\/a><\/td>\n                <td><a rel=\"noreferrer noopener\" href=\"https:\/\/bezirk34.de\/wp-content\/uploads\/2023\/04\/2.55.pdf\" data-type=\"URL\" data-id=\"https:\/\/bezirk34.de\/wp-content\/uploads\/2023\/04\/2.55.pdf\" target=\"_blank\">2.55 Revolver .357 Magn.<\/a><\/td>\n\t\t<td>7.72 Steinschlossflinte<\/td>\t\n            <\/tr>\n            <tr>\n                <td><a rel=\"noreferrer noopener\" href=\"https:\/\/bezirk34.de\/wp-content\/uploads\/2023\/05\/1.60.pdf\" data-type=\"URL\" data-id=\"https:\/\/bezirk34.de\/wp-content\/uploads\/2023\/05\/1.60.pdf\" target=\"_blank\">1.60 Freigewehr<\/a><\/td>\n                <td><a rel=\"noreferrer noopener\" href=\"https:\/\/bezirk34.de\/wp-content\/uploads\/2023\/03\/2.58.pdf\" data-type=\"URL\" data-id=\"https:\/\/bezirk34.de\/wp-content\/uploads\/2023\/03\/2.58.pdf\" target=\"_blank\">2.58 Revolver .44 Magn.<\/a><\/td>\n\t\t\t\t\n            <\/tr>\n            <tr>\n\t        <td><a rel=\"noreferrer noopener\" href=\"https:\/\/bezirk34.de\/wp-content\/uploads\/2023\/04\/1.80.pdf\" data-type=\"URL\" data-id=\"https:\/\/bezirk34.de\/wp-content\/uploads\/2023\/04\/1.80.pdf\" target=\"_blank\">1.80 KK-Liegendkampf<\/a><\/td>\t\n                <td><a rel=\"noreferrer noopener\" href=\"https:\/\/bezirk34.de\/wp-content\/uploads\/2023\/03\/2.59.pdf\" data-type=\"URL\" data-id=\"https:\/\/bezirk34.de\/wp-content\/uploads\/2023\/03\/2.59.pdf\" target=\"_blank\">2.59 Pistole .45 ACP<\/a><\/td>\n\t\t\t\t\n            <\/tr>\n            <tr>\n\t\t<td> <\/td>\t\n                <td><a rel=\"noreferrer noopener\" href=\"https:\/\/bezirk34.de\/wp-content\/uploads\/2023\/04\/2.60.pdf\" data-type=\"URL\" data-id=\"https:\/\/bezirk34.de\/wp-content\/uploads\/2023\/04\/2.60.pdf\" target=\"_blank\">2.60 Standardpistole<\/a><\/td>\n\t\t\t\t\n            <\/tr>\n         <tr><td colspan=\"3\"><\/td><\/tr>\n            <tr>\n                <td><strong>Armbrust<\/strong><\/td>\n                <td><strong>Bogen<\/strong><\/td>\n                <td><strong>Flinte<\/strong><\/td>\n            <\/tr>\n            <tr>\n                <td>5.43 Feldarmbrust<\/td>\n                <td><a href=\"https:\/\/bezirk34.de\/wp-content\/uploads\/2023\/06\/Ergebnisse-BM-2023-Bogen-im-Freien.pdf\" target=\"_blank\" rel=\"noreferrer noopener\">6.1x Bogen WA im Freien<\/a><\/td>\n                <td><a rel=\"noreferrer noopener\" href=\"https:\/\/bezirk34.de\/wp-content\/uploads\/2023\/05\/3.10.pdf\" data-type=\"URL\" data-id=\"https:\/\/bezirk34.de\/wp-content\/uploads\/2023\/05\/3.10.pdf\" target=\"_blank\">3.10 Flinte Trap<\/a><\/td>\n            <\/tr>\n            <tr>\n\t\t<td> <\/td>\t\n                <td><a rel=\"noreferrer noopener\" href=\"https:\/\/bezirk34.de\/wp-content\/uploads\/2022\/11\/Ergebnisse-BM-2023-Bogen-Halle.pdf\" target=\"_blank\">6.2x Bogen Halle WA<\/a><\/td>\n                <td><a rel=\"noreferrer noopener\" href=\"https:\/\/bezirk34.de\/wp-content\/uploads\/2023\/05\/3.15.pdf\" data-type=\"URL\" data-id=\"https:\/\/bezirk34.de\/wp-content\/uploads\/2023\/05\/3.15.pdf\" target=\"_blank\">3.15 Flinte Doppeltrap<\/a><\/td>\n            <\/tr>\n            <tr>\n\t\t\t\t\n\t\t<td> <\/td>\n                <td><a rel=\"noreferrer noopener\" href=\"https:\/\/bezirk34.de\/wp-content\/uploads\/2023\/06\/Ergebnisse-BM-2023-Feldbogen.pdf\" target=\"_blank\">Feldbogen<\/a><\/td>\n                <td><a rel=\"noreferrer noopener\" href=\"https:\/\/bezirk34.de\/wp-content\/uploads\/2023\/05\/3.20.pdf\" data-type=\"URL\" data-id=\"https:\/\/bezirk34.de\/wp-content\/uploads\/2023\/05\/3.20.pdf\" target=\"_blank\">3.20 Flinte Skeet<\/a><\/td>\n            <\/tr>\n        <\/tbody>\n    <\/table>\n<\/figure><\/code><\/pre>\n<\/div>\n<\/div>\n","protected":false},"excerpt":{"rendered":"<p>Zusatzinfo: Die Disziplinen 7.71 Perkussionsflinte und 7.72 Steinschlossflinte finden nicht am 25.03.2023 in J\u00fcgesheim statt. Sollten Teilnehmer hierf\u00fcr gemeldet werden, muss mit dem Referenten Edgar Liebig der Termin gekl\u00e4rt werden. Die Disziplin 7.21 Perkussionsdienstgewehr 50m ist nicht in der Ausschreibung enthalten. Diese wird dennoch am 25.03.2023 in J\u00fcgesheim angeboten.<\/p>\n","protected":false},"author":9,"featured_media":0,"parent":43,"menu_order":0,"comment_status":"closed","ping_status":"closed","template":"","meta":{"footnotes":""},"class_list":["post-2316","page","type-page","status-publish"],"jetpack_sharing_enabled":true,"_links":{"self":[{"href":"https:\/\/bezirk34.de\/index.php?rest_route=\/wp\/v2\/pages\/2316","targetHints":{"allow":["GET"]}}],"collection":[{"href":"https:\/\/bezirk34.de\/index.php?rest_route=\/wp\/v2\/pages"}],"about":[{"href":"https:\/\/bezirk34.de\/index.php?rest_route=\/wp\/v2\/types\/page"}],"author":[{"embeddable":true,"href":"https:\/\/bezirk34.de\/index.php?rest_route=\/wp\/v2\/users\/9"}],"replies":[{"embeddable":true,"href":"https:\/\/bezirk34.de\/index.php?rest_route=%2Fwp%2Fv2%2Fcomments&post=2316"}],"version-history":[{"count":73,"href":"https:\/\/bezirk34.de\/index.php?rest_route=\/wp\/v2\/pages\/2316\/revisions"}],"predecessor-version":[{"id":2593,"href":"https:\/\/bezirk34.de\/index.php?rest_route=\/wp\/v2\/pages\/2316\/revisions\/2593"}],"up":[{"embeddable":true,"href":"https:\/\/bezirk34.de\/index.php?rest_route=\/wp\/v2\/pages\/43"}],"wp:attachment":[{"href":"https:\/\/bezirk34.de\/index.php?rest_route=%2Fwp%2Fv2%2Fmedia&parent=2316"}],"curies":[{"name":"wp","href":"https:\/\/api.w.org\/{rel}","templated":true}]}}