{"id":53,"date":"2017-09-23T08:38:11","date_gmt":"2017-09-23T08:38:11","guid":{"rendered":"http:\/\/wp12964285.server-he.de\/bezirk34\/?page_id=53"},"modified":"2025-04-14T13:22:22","modified_gmt":"2025-04-14T11:22:22","slug":"vereine","status":"publish","type":"page","link":"https:\/\/bezirk34.de\/?page_id=53","title":{"rendered":"Vereine"},"content":{"rendered":"<table class=\"wp-table-reloaded wp-table-reloaded-id-1\" style=\"height: 1099px;\" border=\"0\" width=\"645\" cellspacing=\"1\" cellpadding=\"0\">\n<thead>\n<tr class=\"odd row-1\" style=\"text-align: left;\">\n<th class=\"column-1\">Nummer<\/th>\n<th class=\"column-2\">Vereinsname<\/th>\n<\/tr>\n<\/thead>\n<tbody>\n<tr class=\"even row-2\">\n<td class=\"column-1\"><del>3400001<\/del><\/td>\n<td class=\"column-2\"><del>Sch\u00fctzenverein St.Hubertus Bieber e.V.<\/del><\/td>\n<\/tr>\n<tr class=\"odd row-3\">\n<td class=\"column-1\">3400002<\/td>\n<td class=\"column-2\"><a href=\"http:\/\/www.sgh1904.de\/\" target=\"_blank\" rel=\"noopener noreferrer\">Sch\u00fctzengesellschaft Hainstadt 1904 e.V.<\/a><\/td>\n<\/tr>\n<tr class=\"even row-4\">\n<td class=\"column-1\">3400003<\/td>\n<td class=\"column-2\"><a href=\"http:\/\/www.sg-langen1863.de\/\" target=\"_blank\" rel=\"noopener noreferrer\">Sch\u00fctzengesellschaft Langen 1863 e. V.<\/a><\/td>\n<\/tr>\n<tr class=\"odd row-5\">\n<td class=\"column-1\">3400004<\/td>\n<td class=\"column-2\"><a href=\"http:\/\/www.sgmd.de\/\" target=\"_blank\" rel=\"noopener noreferrer\">Sch\u00fctzengemeinschaft M\u00fchlheim-Dietesheim 1951 e.V.<\/a><\/td>\n<\/tr>\n<tr class=\"even row-6\">\n<td class=\"column-1\">3400005<\/td>\n<td class=\"column-2\"><a href=\"https:\/\/sc-gamsbock-rollwald.de\/\" target=\"_blank\" rel=\"noopener noreferrer\">Sch\u00fctzen-Club e.V. 1954 &#8222;Gamsbock&#8220; Rollwald<\/a><\/td>\n<\/tr>\n<tr class=\"odd row-7\">\n<td class=\"column-1\">3400006<\/td>\n<td class=\"column-2\"><a href=\"http:\/\/www.sg-sprendlingen.de\/\" target=\"_blank\" rel=\"noopener noreferrer\">Sch\u00fctzengesellschaft Sprendlingen 1883 e.V.<\/a><\/td>\n<\/tr>\n<tr class=\"even row-8\">\n<td class=\"column-1\">3400007<\/td>\n<td class=\"column-2\"><a href=\"http:\/\/www.diana03hausen.de\/\" target=\"_blank\" rel=\"noopener noreferrer\">Sch\u00fctzenverein Diana 1903 Hausen e.V.<\/a><\/td>\n<\/tr>\n<tr class=\"odd row-9\">\n<td class=\"column-1\">3400008<\/td>\n<td class=\"column-2\"><a href=\"http:\/\/sv-diana.de\/\" target=\"_blank\" rel=\"noopener noreferrer\">Sch\u00fctzenverein Diana 1910 e.V. J\u00fcgesheim<\/a><\/td>\n<\/tr>\n<tr class=\"even row-10\">\n<td class=\"column-1\">3400009<\/td>\n<td class=\"column-2\"><a href=\"https:\/\/sg-buchschlag.de\/\" target=\"_blank\" rel=\"noopener\">Sch\u00fctzengesellschaft Buchschlag 1930 e.V.<\/a><\/td>\n<\/tr>\n<tr class=\"odd row-11\">\n<td class=\"column-1\">3400010<\/td>\n<td class=\"column-2\"><a href=\"http:\/\/www.flobert-schuetzen-offenbach.de\/\" target=\"_blank\" rel=\"noopener noreferrer\">Offenbacher Flobertsch\u00fctzen Verein von 1888 e.V.<\/a><\/td>\n<\/tr>\n<tr class=\"odd row-13\">\n<td class=\"column-1\">3400012<\/td>\n<td class=\"column-2\"><a href=\"https:\/\/www.telldietzenbach.de\/\" target=\"_blank\" rel=\"noopener noreferrer\">Sch\u00fctzengesellschaft Tell 1930 e.V. Dietzenbach<\/a><\/td>\n<\/tr>\n<tr class=\"even row-14\">\n<td class=\"column-1\">3400013<\/td>\n<td class=\"column-2\"><a href=\"http:\/\/www.sg1560.de\/\" target=\"_blank\" rel=\"noopener noreferrer\">Sch\u00fctzengesellschaft 1560 Dreieichenhain e.V.<\/a><\/td>\n<\/tr>\n<tr class=\"odd row-15\">\n<td class=\"column-1\">3400014<\/td>\n<td class=\"column-2\"><a href=\"http:\/\/sportfreunde-bogenschiessen.de\/\" target=\"_blank\" rel=\"noopener\">Sportfreunde Seligenstadt e.V. &#8211; Abt. Bogen<\/a><\/td>\n<\/tr>\n<tr class=\"even row-16\">\n<td class=\"column-1\">3400015<\/td>\n<td class=\"column-2\"><a href=\"https:\/\/seligenstaedter-sport-schuetzen.de\/\" target=\"_blank\" rel=\"noopener\">Seligenst\u00e4dter Sport-Sch\u00fctzen e.V.<\/a><\/td>\n<\/tr>\n<tr class=\"odd row-17\">\n<td class=\"column-1\">3400016<\/td>\n<td class=\"column-2\"><a href=\"https:\/\/www.svkwh.de\/\" target=\"_blank\" rel=\"noopener noreferrer\">Sch\u00fctzenverein\u00a0Klein-Welzheim<\/a><\/td>\n<\/tr>\n<tr class=\"even row-18\">\n<td class=\"column-1\">3400017<\/td>\n<td class=\"column-2\"><a href=\"http:\/\/www.schuetzen-egelsbach.de\/\" target=\"_blank\" rel=\"noopener noreferrer\">1.Sch\u00fctzenverein Egelsbach 1959 e.V.<\/a><\/td>\n<\/tr>\n<tr class=\"odd row-19\">\n<td class=\"column-1\">3400018<\/td>\n<td class=\"column-2\"><a href=\"https:\/\/tsv-dudenhofen.de\/abteilungen\/schiesssport\/\" target=\"_blank\" rel=\"noopener\">TSV Dudenhofen e.V. &#8211; Sch\u00fctzenabteilung<\/a><\/td>\n<\/tr>\n<tr class=\"even row-20\">\n<td class=\"column-1\">3400019<\/td>\n<td class=\"column-2\"><a href=\"http:\/\/www.sgni.de\/\" target=\"_blank\" rel=\"noopener noreferrer\">Sch\u00fctzengesellschaft 1961 Neu-Isenburg e.V.<\/a><\/td>\n<\/tr>\n<tr class=\"odd row-21\">\n<td class=\"column-1\">3400020<\/td>\n<td class=\"column-2\"><a href=\"http:\/\/www.gut-schuss-klein-krotzenburg.de\/\" target=\"_blank\" rel=\"noopener noreferrer\">Sch\u00fctzengesellschaft &#8222;Gut Schuss&#8220; 1962 e.V. Klein-Krotzenburg<\/a><\/td>\n<\/tr>\n<tr class=\"even row-22\">\n<td class=\"column-1\">3400021<\/td>\n<td class=\"column-2\"><a href=\"http:\/\/www.tell-froschhausen.de\/\" target=\"_blank\" rel=\"noopener noreferrer\">Sch\u00fctzengesellschaft TELL Froschhausen 1907 e.V.<\/a><\/td>\n<\/tr>\n<tr class=\"odd row-23\">\n<td class=\"column-1\">3400022<\/td>\n<td class=\"column-2\"><a href=\"https:\/\/www.offenbach.de\/verzeichnisse\/yellowpages\/common\/wegweiser_81714.php\" target=\"_blank\" rel=\"noopener noreferrer\">Sportpistolen-Club Offenbach<\/a><\/td>\n<\/tr>\n<tr class=\"even row-24\">\n<td class=\"column-1\">3400023<\/td>\n<td class=\"column-2\"><a href=\"https:\/\/www.sg-hainhausen.de\/index.php\/abteilungen\/schuetzen\" target=\"_blank\" rel=\"noopener noreferrer\">SG Hainhausen e.V. &#8211; Abteilung Sch\u00fctzen<\/a><\/td>\n<\/tr>\n<tr class=\"odd row-25\">\n<td class=\"column-1\">3400024<\/td>\n<td class=\"column-2\"><a href=\"http:\/\/svheusenstamm.de\/\" target=\"_blank\" rel=\"noopener noreferrer\">SV Heusenstamm 1978 e.V.<\/a><\/td>\n<\/tr>\n<tr class=\"even row-26\">\n<td class=\"column-1\">3400025<\/td>\n<td class=\"column-2\"><a href=\"https:\/\/sg-urberach.de\/\" target=\"_blank\" rel=\"noopener noreferrer\">Sch\u00fctzengesellschaft Urberach 1913 e.V.<\/a><\/td>\n<\/tr>\n<tr class=\"odd row-27\">\n<td class=\"column-1\">3400026<\/td>\n<td class=\"column-2\"><a href=\"http:\/\/www.svdiana-oberroden.de\" target=\"_blank\" rel=\"noopener noreferrer\">Sch\u00fctzenverein Diana Ober Roden<\/a><\/td>\n<\/tr>\n<tr class=\"odd row-29\">\n<td class=\"column-1\">3400028<\/td>\n<td class=\"column-2\"><a href=\"http:\/\/www.tgw-auerhahn.de\/\" target=\"_blank\" rel=\"noopener noreferrer\">Turngemeinde 1886 e.V. Weiskirchen &#8211; Sch\u00fctzenabteilung<\/a><\/td>\n<\/tr>\n<tr class=\"even row-30\">\n<td class=\"column-1\">3400029<\/td>\n<td class=\"column-2\"><a href=\"https:\/\/www.hubertus-schuetzen-offenthal.de\/\" target=\"_blank\" rel=\"noopener\">Hubertus Sch\u00fctzen Offenthal e.V. 1988<\/a><\/td>\n<\/tr>\n<tr class=\"odd row-31\">\n<td class=\"column-1\">3400030<\/td>\n<td class=\"column-2\">1. Wurfscheibenclub Rhein-Main e.V.<\/td>\n<\/tr>\n<tr class=\"even row-32\">\n<td class=\"column-1\">3400031<\/td>\n<td class=\"column-2\"><a href=\"https:\/\/www.schuetzengilde-hainstadt.de\/\" target=\"_blank\" rel=\"noopener noreferrer\">Sch\u00fctzengilde Hainstadt 1990 e.V.<\/a><\/td>\n<\/tr>\n<tr class=\"odd row-33\">\n<td class=\"column-1\">3400032<\/td>\n<td class=\"column-2\"><a href=\"https:\/\/www.offenbach.de\/verzeichnisse\/yellowpages\/common\/wegweiser_82206.php?p=7306,7335,7340,8540,8513,32536,30927\" target=\"_blank\" rel=\"noopener\">Sportsch\u00fctzenclub Challenger 94 e.V.<\/a><\/td>\n<\/tr>\n<tr class=\"even row-34\">\n<td class=\"column-1\">3400033<\/td>\n<td class=\"column-2\"><a href=\"https:\/\/www.hsv-goetzenhain.de\/bogensportaff60691\" target=\"_blank\" rel=\"noopener\">HSV G\u00f6tzenhain &#8211; Bogensportabteilung<\/a><\/td>\n<\/tr>\n<\/tbody>\n<\/table>\n\n\n<p><\/p>\n","protected":false},"excerpt":{"rendered":"<p>Nummer Vereinsname 3400001 Sch\u00fctzenverein St.Hubertus Bieber e.V. 3400002 Sch\u00fctzengesellschaft Hainstadt 1904 e.V. 3400003 Sch\u00fctzengesellschaft Langen 1863 e. V. 3400004 Sch\u00fctzengemeinschaft M\u00fchlheim-Dietesheim 1951 e.V. 3400005 Sch\u00fctzen-Club e.V. 1954 &#8222;Gamsbock&#8220; Rollwald 3400006 Sch\u00fctzengesellschaft Sprendlingen 1883 e.V. 3400007 Sch\u00fctzenverein Diana 1903 Hausen e.V. 3400008 Sch\u00fctzenverein Diana 1910 e.V. J\u00fcgesheim 3400009 Sch\u00fctzengesellschaft Buchschlag 1930 e.V. 3400010 Offenbacher Flobertsch\u00fctzen Verein &#8230; <a title=\"Vereine\" class=\"read-more\" href=\"https:\/\/bezirk34.de\/?page_id=53\" aria-label=\"Mehr Informationen \u00fcber Vereine\">Weiterlesen<\/a><\/p>\n","protected":false},"author":2,"featured_media":0,"parent":0,"menu_order":0,"comment_status":"closed","ping_status":"closed","template":"","meta":{"footnotes":""},"class_list":["post-53","page","type-page","status-publish"],"jetpack_sharing_enabled":true,"_links":{"self":[{"href":"https:\/\/bezirk34.de\/index.php?rest_route=\/wp\/v2\/pages\/53","targetHints":{"allow":["GET"]}}],"collection":[{"href":"https:\/\/bezirk34.de\/index.php?rest_route=\/wp\/v2\/pages"}],"about":[{"href":"https:\/\/bezirk34.de\/index.php?rest_route=\/wp\/v2\/types\/page"}],"author":[{"embeddable":true,"href":"https:\/\/bezirk34.de\/index.php?rest_route=\/wp\/v2\/users\/2"}],"replies":[{"embeddable":true,"href":"https:\/\/bezirk34.de\/index.php?rest_route=%2Fwp%2Fv2%2Fcomments&post=53"}],"version-history":[{"count":11,"href":"https:\/\/bezirk34.de\/index.php?rest_route=\/wp\/v2\/pages\/53\/revisions"}],"predecessor-version":[{"id":3075,"href":"https:\/\/bezirk34.de\/index.php?rest_route=\/wp\/v2\/pages\/53\/revisions\/3075"}],"wp:attachment":[{"href":"https:\/\/bezirk34.de\/index.php?rest_route=%2Fwp%2Fv2%2Fmedia&parent=53"}],"curies":[{"name":"wp","href":"https:\/\/api.w.org\/{rel}","templated":true}]}}